{"id":3,"date":"2023-04-05T10:56:08","date_gmt":"2023-04-05T10:56:08","guid":{"rendered":"https:\/\/piingatlan.hu\/?page_id=3"},"modified":"2023-04-12T07:43:56","modified_gmt":"2023-04-12T07:43:56","slug":"privacy-policy","status":"publish","type":"page","link":"https:\/\/piingatlan.hu\/index.php\/privacy-policy\/","title":{"rendered":"Adatv\u00e9delmi ir\u00e1nyelvek"},"content":{"rendered":"\n<h1 class=\"wp-block-heading\">ADATV\u00c9DELMI NYILATKOZAT<\/h1>\n\n\n\n<p>Adatkezel\u00e9si \u00e9s adatv\u00e9delmi nyilatkozat, amely a term\u00e9szetes szem\u00e9lyeknek a szem\u00e9lyes adatok kezel\u00e9se tekintet\u00e9ben t\u00f6rt\u00e9n\u0151 v\u00e9delm\u00e9r\u0151l \u00e9s az ilyen adatok szabad \u00e1raml\u00e1s\u00e1r\u00f3l, valamint a 95\/46\/EK rendelet hat\u00e1lyon k\u00edv\u00fcl helyez\u00e9s\u00e9r\u0151l (\u00e1ltal\u00e1nos adatv\u00e9delmi rendelet) sz\u00f3l\u00f3, az EUR\u00d3PAI PARLAMENT \u00c9S A TAN\u00c1CS (EU) 2016\/679 RENDELETE (2016. \u00e1prilis 27.) (a tov\u00e1bbiakban, mint \u201eGDPR rendelet\u201d) alapj\u00e1n ker\u00fclt fel\u00fclvizsg\u00e1latra \u00e9s elfogad\u00e1sra<\/p>\n\n\n\n<p>A\u00a0https:\/\/piingatlan.hu\u00a0weboldalt (a tov\u00e1bbiakban, mint \u201eHonlap\u201d) Pataki Imre (sz\u00e9khely 6762 S\u00e1ndorfalva, Kis k\u00f6r\u00fat 9.)(a tov\u00e1bbiakban, mint \u201eTulajdonos\u201d, Jogosult\u201d vagy \u201eAdatkezel\u0151\u201d) inform\u00e1ci\u00f3s \u00e9s kapcsolattart\u00e1si c\u00e9lb\u00f3l hozta l\u00e9tre, tartja fenn \u00e9s \u00fczemeltet mindenkor a tisztess\u00e9ges \u00e9s \u00e1tl\u00e1that\u00f3 adatkezel\u00e9s elv\u00e9t \u00e9s az adatkezel\u00e9s GDPR rendelet 5. cikke szerinti k\u00f6telez\u0151 elveit k\u00f6vetve. Az Adatkezel\u0151 kijelenti, hogy tiszteletben tartja mindazon szem\u00e9lyek mag\u00e1nszf\u00e9r\u00e1j\u00e1t, akik sz\u00e1m\u00e1ra szem\u00e9lyes adatot adnak \u00e1t \u00e9s elk\u00f6telezett ezek v\u00e9delm\u00e9ben. Az Adatkezel\u0151 kijelenti, hogy tiszteletben tartja az inform\u00e1ci\u00f3s \u00f6nrendelkez\u00e9si jogot \u00e9s minden sz\u00fcks\u00e9ges int\u00e9zked\u00e9st megtesz a l\u00e1togat\u00f3k szem\u00e9lyes adatainak kezel\u00e9se sor\u00e1n azok v\u00e9delm\u00e9ben. A jogszab\u00e1lyi el\u0151\u00edr\u00e1soknak eleget t\u00e9ve, bizalmasan kezeli a l\u00e1togat\u00f3i \u00e1ltal megadott szem\u00e9lyes adatokat, \u00e9s minden biztons\u00e1gi, technikai int\u00e9zked\u00e9st megtesz azok v\u00e9delm\u00e9ben, garant\u00e1lja azok biztons\u00e1g\u00e1t. Az \u00dczemeltet\u0151 c\u00e9lja, hogy az adatkezel\u00e9sre vonatkoz\u00f3 alapvet\u0151 jogszab\u00e1lyok betart\u00e1s\u00e1val tiszteletben tartsa l\u00e1togat\u00f3i mag\u00e1nszf\u00e9r\u00e1j\u00e1t \u00e9s megakad\u00e1lyozza a szem\u00e9lyes adataikkal val\u00f3 vissza\u00e9l\u00e9seket. Az \u00dczemeltet\u0151 kiz\u00e1r\u00f3lag az adatkezel\u00e9si c\u00e9lhoz minim\u00e1lisan sz\u00fcks\u00e9ges szem\u00e9lyes adatok szolg\u00e1ltat\u00e1s\u00e1t k\u00e9ri \u00d6nt\u0151l, ennek megfelel\u0151en a regisztr\u00e1ci\u00f3hoz k\u00fcl\u00f6nleges adatnak min\u0151s\u00fcl\u0151 adat megad\u00e1s\u00e1t nem k\u00e9ri.<\/p>\n\n\n\n<p>Az Adatkezel\u0151 a GDPR rendelet 37. cikke alapj\u00e1n nem k\u00f6teles adatv\u00e9delmi tisztvisel\u0151 kinevez\u00e9s\u00e9re.<\/p>\n\n\n\n<p>K\u00e9rj\u00fck, hogy figyelmesen olvassa el az al\u00e1bbi nyilatkozatot \u00e9s t\u00e1j\u00e9koztat\u00f3t, annak \u00e9rdek\u00e9ben, hogy teljesk\u00f6r\u0171en meg\u00e9rtse, mik\u00e9nt kezelj\u00fck a szem\u00e9lyes adatait \u00e9s megismerje az adatkezel\u00e9ssel kapcsolatos jogait. K\u00e9rj\u00fck, hogy ezen t\u00falmen\u0151en az Adatkezel\u00e9si Szab\u00e1lyzatot is olvassa el!<br>\u00d6n a honlap egy r\u00e9sz\u00e9t ingyenesen \u00e9s an\u00e9lk\u00fcl is jogosult l\u00e1togatni, hogy \u00f6nmag\u00e1r\u00f3l b\u00e1rmilyen szem\u00e9lyes adatot meg kellene adnia.<\/p>\n\n\n\n<p>Felh\u00edvjuk a kedves L\u00e1togat\u00f3 figyelm\u00e9t, hogy a honlap meghat\u00e1rozott r\u00e9szeihez val\u00f3 hozz\u00e1f\u00e9r\u00e9s azonban regisztr\u00e1ci\u00f3hoz k\u00f6t\u00f6tt. A regisztr\u00e1ci\u00f3 sor\u00e1n \u2013 \u00f6nk\u00e9ntesen, jogszab\u00e1lyi k\u00f6telezetts\u00e9g n\u00e9lk\u00fcl \u2013 szem\u00e9lyes adatnak min\u0151s\u00fcl\u0151 inform\u00e1ci\u00f3kat is meg kell adni. A regisztr\u00e1ci\u00f3 sor\u00e1n tudom\u00e1sunkra jutott szem\u00e9lyes adatokat biztons\u00e1gosan t\u00e1roljuk \u00e9s azokat nem tessz\u00fck harmadik szem\u00e9ly sz\u00e1m\u00e1ra hozz\u00e1f\u00e9rhet\u0151v\u00e9, kiv\u00e9ve, ha jogszab\u00e1ly ezt k\u00f6telez\u0151v\u00e9 teszi vagy ehhez \u00d6n el\u0151zetes hozz\u00e1j\u00e1rult.<\/p>\n\n\n\n<p>K\u00e9rj\u00fck, hogy a regisztr\u00e1ci\u00f3 el\u0151tt a fentieket gondolja \u00e1t \u00e9s mennyiben szem\u00e9lyes adatot nem k\u00edv\u00e1n megadni, \u00fagy a regisztr\u00e1ci\u00f3t\u00f3l tekintsen el.<\/p>\n\n\n\n<p>A Tulajdonos kiz\u00e1r\u00f3lag abban az esetben t\u00e1rolja a l\u00e1togat\u00f3 szem\u00e9lyes adatait (n\u00e9v, e-mail c\u00edm) amennyiben a honlap l\u00e1togat\u00f3ja adatk\u00f6zl\u0151k\u00e9nt megadta azokat. A Tulajdonos kiz\u00e1r\u00f3lag a GDPR rendelet valamint az inform\u00e1ci\u00f3s \u00f6nrendelkez\u00e9si jogr\u00f3l \u00e9s az inform\u00e1ci\u00f3szabads\u00e1gr\u00f3l sz\u00f3l\u00f3 2011. \u00e9vi CXII. t\u00f6rv\u00e9nyben foglalt rendelkez\u00e9seknek megfelel\u0151en jogosult az \u00f6nk\u00e9nt megadott adatok felhaszn\u00e1l\u00e1s\u00e1ra.<\/p>\n\n\n\n<p>A Tulajdonosnak nem \u00e1ll sz\u00e1nd\u00e9k\u00e1ban kiskor\u00fa, cselekv\u0151k\u00e9pess\u00e9g\u00e9ben korl\u00e1tozott vagy cselekv\u0151k\u00e9ptelen szem\u00e9lyt\u0151l sz\u00fcl\u0151je, gondvisel\u0151je (t\u00f6rv\u00e9nyes k\u00e9pvisel\u0151je) hozz\u00e1j\u00e1rul\u00e1sa n\u00e9lk\u00fcl b\u00e1rmilyen szem\u00e9lyes inform\u00e1ci\u00f3 begy\u0171jt\u00e9se. Figyelemmel arra, hogy a gyermekek \u2013 vagy m\u00e1s cselekv\u0151k\u00e9pess\u00e9g\u00fckben \u2013 r\u00e9szlegesen vagy teljesen \u2013 korl\u00e1tozott szem\u00e9lyek \u2013 \u00e1ltal megadott adatokkal a vil\u00e1gh\u00e1l\u00f3n illet\u00e9ktelenek vissza\u00e9lhetnek, k\u00e9rj\u00fck a sz\u00fcl\u0151ket \u00e9s \/ vagy t\u00f6rv\u00e9nyes k\u00e9pvisel\u0151ket, hogy t\u00e1j\u00e9koztass\u00e1k gyermekeiket vagy gondnoks\u00e1guk alatt \u00e1ll\u00f3 szem\u00e9lyeket a szem\u00e9lyes adataik internet-haszn\u00e1lat sor\u00e1n val\u00f3 felel\u0151s, biztons\u00e1gos kezel\u00e9s\u00e9r\u0151l.<\/p>\n\n\n\n<p>T\u00e1j\u00e9koztatjuk, hogy amennyiben adatait \u2013 els\u0151sorban nev\u00e9t vagy e-mail c\u00edm\u00e9t \u2013 \u00f6nk\u00e9ntes hozz\u00e1j\u00e1rul\u00e1sa alapj\u00e1n rendelkez\u00e9s\u00fcnkre bocs\u00e1totta, \u00fagy a Tulajdonos kapcsolatba l\u00e9phet \u00d6nnel. Az adattulajdonos az adatv\u00e9delmi jogszab\u00e1lyokban meghat\u00e1rozott m\u00f3don \u00e9s esetekben \u00edr\u00e1sban a k\u00e9rhet t\u00e1j\u00e9koztat\u00e1st a Tulajdonost\u00f3l a szem\u00e9lyes adatai kezel\u00e9s\u00e9r\u0151l \u00e9s amennyiben adatkezel\u00e9s folyamatban van, akkor az adatkezel\u00e9s c\u00e9lj\u00e1r\u00f3l, a kezelt adatok kateg\u00f3ri\u00e1j\u00e1r\u00f3l, a c\u00edmzettekr\u0151l, a t\u00e1rol\u00e1s id\u0151tartam\u00e1r\u00f3l vagy az id\u0151tartam meghat\u00e1roz\u00e1s\u00e1nak m\u00f3dj\u00e1r\u00f3l \u00e9s a panaszbeny\u00fajt\u00e1s jog\u00e1r\u00f3l.. K\u00e9rheti tov\u00e1bb\u00e1 a Tulajdonost\u00f3l (el\u00e9rhet\u0151s\u00e9g: eniko.szanto82@gmail.com), a nyilv\u00e1ntartott szem\u00e9lyes adatainak t\u00f6rl\u00e9s\u00e9t vagy m\u00f3dos\u00edt\u00e1s\u00e1t. A felvil\u00e1gos\u00edt\u00e1s megtagad\u00e1sa eset\u00e9n \u00d6n b\u00edr\u00f3s\u00e1gi jogorvoslattal \u00e9lhet, illetve a Nemzeti Adatv\u00e9delmi \u00e9s Inform\u00e1ci\u00f3szabads\u00e1g Hat\u00f3s\u00e1ghoz fordulhat. A fentieken k\u00edv\u00fcl megilleti \u00d6nt a szem\u00e9lyes adatai kezel\u00e9se elleni tiltakoz\u00e1s joga is. Amennyiben a tiltakoz\u00e1sa alapj\u00e1n az adatkezel\u0151 \u00e1ltal meghozott d\u00f6nt\u00e9ssel nem \u00e9rt egyet, \u00fagy b\u00edr\u00f3s\u00e1ghoz fordulhat.<\/p>\n\n\n\n<p>T\u00e1j\u00e9koztatjuk, hogy a helyesb\u00edt\u00e9si vagy m\u00f3dos\u00edt\u00e1si k\u00e9relem nem \u00e9rinti a kor\u00e1bbi adatokkal kelt kor\u00e1bbi megrendel\u00e9sb\u0151l ered\u0151 sz\u00e1ml\u00e1k m\u00e1s jogszab\u00e1lyok (sz\u00e1mviteli t\u00f6rv\u00e9ny, \u00c1FA-t\u00f6rv\u00e9ny) szerinti irat\u0151rz\u00e9si k\u00f6telezetts\u00e9get. A helyesb\u00edt\u00e9sre vagy m\u00f3dos\u00edt\u00e1sra halad\u00e9ktalanul, de legk\u00e9s\u0151bb 5 azaz \u00f6t munkanapon bel\u00fcl sor ker\u00fcl.<\/p>\n\n\n\n<p>A honlap tov\u00e1bb\u00e1 r\u00f6gz\u00edti az \u00d6n sz\u00e1m\u00edt\u00f3g\u00e9p\u00e9nek internet c\u00edm\u00e9t (IP-c\u00edm), azt, hogy mikor, milyen tartalmat n\u00e9zett meg a honlapon, mely linkr\u0151l navig\u00e1lt a honlapra. Ezen adatokat szem\u00e9lyazonoss\u00e1g\u00e1hoz nem kapcsolhat\u00f3 m\u00f3don t\u00e1roljuk, ezen statisztikai adatok elemz\u00e9se alapj\u00e1n ismerj\u00fck meg, hogy mely szolg\u00e1ltat\u00e1st, tartalmat milyen gyakran vesznek ig\u00e9nybe \u00e9s alkalmank\u00e9nt mennyi id\u0151t t\u00f6ltenek ott.<\/p>\n\n\n\n<p>Az internet c\u00edmek kiz\u00e1r\u00f3lag statisztikai c\u00e9lokat szolg\u00e1lnak, ide nem \u00e9rtve azt az esetet, ha az adott IP c\u00edmr\u0151l jogs\u00e9rt\u00e9s elk\u00f6vet\u00e9s\u00e9nek megalapozott gyan\u00faja mer\u00fcl fel.<\/p>\n\n\n\n<p>A szem\u00e9lyes adatokat az Adatkezel\u0151 a hozz\u00e1j\u00e1rul\u00e1s\u00e1nak visszavon\u00e1s\u00e1ig kezeli. A hozz\u00e1j\u00e1rul\u00e1s\u00e1t az Adatkezel\u0151 e-mail c\u00edmre k\u00fcld\u00f6tt level\u00e9ben b\u00e1rmikor visszavonhatja, ez esetben az adatok indokolatlan k\u00e9sedelem n\u00e9lk\u00fcl, de legk\u00e9s\u0151bb 5 azaz \u00f6t munkanapon bel\u00fcl t\u00f6rl\u00e9sre ker\u00fclnek az Adatkezel\u0151 rendszer\u00e9b\u0151l. Egyebekben a megadott adatok t\u00f6rl\u00e9se a regisztr\u00e1ci\u00f3 t\u00f6rl\u00e9s\u00e9vel egyidej\u0171leg is megt\u00f6rt\u00e9nik. A visszavon\u00e1s vagy a t\u00f6rl\u00e9s nem \u00e9rinti a hozz\u00e1j\u00e1rul\u00e1son alapul\u00f3, a visszavon\u00e1s el\u0151tti adatkezel\u00e9s jogszer\u0171s\u00e9g\u00e9t , \u00edgy nem \u00e9rinti az Adatkezel\u0151nek a sz\u00e1mvitelr\u0151l sz\u00f3l\u00f3 2000. \u00e9vi C. t\u00f6rv\u00e9ny 169. \u00a7 (2) bekezd\u00e9se alapj\u00e1n fenn\u00e1ll\u00f3 t\u00f6rv\u00e9nyi k\u00f6telezetts\u00e9g\u00e9t a sz\u00e1mviteli bizonylatok 8 \u00e9vig t\u00f6rt\u00e9n\u0151 \u0151rz\u00e9s\u00e9t illet\u0151en, tov\u00e1bb\u00e1 amennyiben az jogi ig\u00e9nyek el\u0151terjeszt\u00e9s\u00e9hez, \u00e9rv\u00e9nyes\u00edt\u00e9s\u00e9hez, illetve v\u00e9delm\u00e9hez sz\u00fcks\u00e9ges a GDPR rendelet (65.) Preambulumbekezd\u00e9se szerint. \u00d6nnek joga van ahhoz is, hogy szem\u00e9lyes adatainak kezel\u00e9s\u00e9t korl\u00e1tozza.<\/p>\n\n\n\n<p>A Tulajdonos minden, a j\u00f3hiszem\u0171 \u00fcgyvitel sor\u00e1n elv\u00e1rhat\u00f3 int\u00e9zked\u00e9st megtesz, hogy a honlap felhaszn\u00e1l\u00f3nak szem\u00e9lyes adatait illet\u00e9ktelenekt\u0151l megv\u00e9dje. A felhaszn\u00e1l\u00f3k szem\u00e9lyes adatainak v\u00e9delm\u00e9t szolg\u00e1lj\u00e1k a k\u00fcl\u00f6nb\u00f6z\u0151 adatb\u00e1zisokhoz val\u00f3 elt\u00e9r\u0151 szint\u0171 hozz\u00e1f\u00e9r\u00e9si jogosults\u00e1gok is, amely eredm\u00e9nyek\u00e9nt csak az erre kijel\u00f6lt szem\u00e9lyek jogosultak egyes, szem\u00e9lyes adatokhoz val\u00f3 hozz\u00e1f\u00e9r\u00e9sre, m\u00e9gpedig kiz\u00e1r\u00f3lag tev\u00e9kenys\u00e9g\u00fck ell\u00e1t\u00e1s\u00e1hoz sz\u00fcks\u00e9ges m\u00e9rt\u00e9kben.<\/p>\n\n\n\n<p>Jelen oldalon val\u00f3 regisztr\u00e1ci\u00f3 \u00e9s szolg\u00e1ltat\u00e1s megrendel\u00e9s\u00e9hez sz\u00fcks\u00e9ges, hogy megismerje a jelen nyilatkozatban foglaltakat. Amennyiben az itt \u00edrottakat megismeri \u00e9s elfogadja, \u00fagy a regisztr\u00e1ci\u00f3 \u00e9s a megrendel\u00e9s sor\u00e1n minden esetben \u00d6nnek \u00f6nk\u00e9ntes, konkr\u00e9t, t\u00e1j\u00e9koztat\u00e1son alapul\u00f3 \u00e9s egy\u00e9rtelm\u0171 hozz\u00e1j\u00e1rul\u00e1s\u00e1t kell adnia a szem\u00e9lyes adatai kezel\u00e9s\u00e9hez. A fel\u00fcleten k\u00e9rt adatai megad\u00e1sa n\u00e9lk\u00fcl a szerz\u0151d\u00e9s nem teljes\u00edthet\u0151.<\/p>\n\n\n\n<p>Mivel a regisztr\u00e1ci\u00f3 vagy a megrendel\u00e9s sor\u00e1n \u00d6n kifejezetten elfogadja a jelen Adatkezel\u00e9si \u00e9s adatv\u00e9delmi nyilatkozatban foglaltakat \u00e9s a GDPR rendelet valamint egyben az inform\u00e1ci\u00f3s \u00f6nrendelkez\u00e9si jogr\u00f3l \u00e9s az inform\u00e1ci\u00f3szabads\u00e1gr\u00f3l sz\u00f3l\u00f3 2011. \u00e9vi CXII. t\u00f6rv\u00e9ny (a tov\u00e1bbiakban, mint \u201eInfotv.\u201d) 5. \u00a7 (1) bekezd\u00e9s a) pontja alapj\u00e1n \u00f6nk\u00e9ntesen hozz\u00e1j\u00e1rul adatainak c\u00e9lhoz k\u00f6t\u00f6tt adatkezel\u00e9s\u00e9hez, ez\u00e9rt e hely\u00fctt is k\u00e9rj\u00fck, hogy regisztr\u00e1ci\u00f3 illetve megrendel\u00e9s elk\u00fcld\u00e9se el\u0151tt figyelmesen olvassa el \u00e9s \u00e9rtelmezze a jelen Adatkezel\u00e9si \u00e9s adatv\u00e9delmi nyilatkozatot.<\/p>\n\n\n\n<p>\u00d6n, mint term\u00e9szetes szem\u00e9ly a szolg\u00e1ltat\u00e1s megrendel\u00e9s\u00e9vel \u00e9s az adatkezel\u00e9s kifejezett elfogad\u00e1s\u00e1val tudom\u00e1sul veszi, \u00e9s kifejezetten hozz\u00e1j\u00e1rul ahhoz, hogy az Adatkezel\u0151 az \u00f6nk\u00e9nt megadott valamennyi szem\u00e9lyes adat\u00e1t, \u00edgy a nev\u00e9t, lakc\u00edm\u00e9t \u00e9s a telefonsz\u00e1m\u00e1t a szerz\u0151d\u00e9s teljes\u00edt\u00e9se \u00e9rdek\u00e9ben nyilv\u00e1ntartsa.<\/p>\n\n\n\n<p>Az Adatkezel\u0151 kiz\u00e1r\u00f3lag abb\u00f3l a c\u00e9lb\u00f3l k\u00e9r \u00e9s kezel szem\u00e9lyes adatokat, hogy megrendel\u0151t azonos\u00edtsa; hogy a sz\u00e1ml\u00e1z\u00e1s teljes\u00edthet\u0151s\u00e9ge \u00e9rdek\u00e9ben elj\u00e1rjon, h\u00edrlev\u00e9l vagy egy\u00e9b t\u00e1j\u00e9koztat\u00e1s c\u00e9lj\u00e1b\u00f3l a l\u00e1togat\u00f3val kapcsolatot tartson \u00e9s az ezek k\u00f6r\u00e9ben keletkez\u0151 jogok gyakorl\u00e1sa \u00e9s k\u00f6telezetts\u00e9gek teljes\u00edt\u00e9se \u00e9rdek\u00e9ben \u00e1ltal\u00e1nosan elj\u00e1rjon.<\/p>\n\n\n\n<p>Az Adatkezel\u0151 a kezelt szem\u00e9lyes adatokat a fent meghat\u00e1rozott c\u00e9lokt\u00f3l elt\u00e9r\u0151 c\u00e9lokra nem haszn\u00e1lja fel.<\/p>\n\n\n\n<p>Az Adatkezel\u0151 csak olyan szem\u00e9lyes adatot k\u00e9r \u00d6nt\u0151l \u00e9s kezel, amely az adatkezel\u00e9s c\u00e9lj\u00e1nak megval\u00f3sul\u00e1s\u00e1hoz elengedhetetlen, a c\u00e9l el\u00e9r\u00e9s\u00e9re alkalmas. A szem\u00e9lyes adat csak a c\u00e9l megval\u00f3sul\u00e1s\u00e1hoz sz\u00fcks\u00e9ges m\u00e9rt\u00e9kben \u00e9s ideig kezelhet\u0151. Az adatkezel\u00e9s sor\u00e1n biztos\u00edtani kell az adatok pontoss\u00e1g\u00e1t, teljess\u00e9g\u00e9t \u00e9s \u2013 ha az adatkezel\u00e9s c\u00e9lj\u00e1ra tekintettel sz\u00fcks\u00e9ges \u2013 naprak\u00e9szs\u00e9g\u00e9t, valamint azt, hogy az \u00e9rintettet csak az adatkezel\u00e9s c\u00e9lj\u00e1hoz sz\u00fcks\u00e9ges ideig lehessen azonos\u00edtani. Az Adatkezel\u0151 azonban megadott szem\u00e9lyes adatokat nem ellen\u0151rzi, azok megfelel\u0151s\u00e9g\u00e9\u00e9rt kiz\u00e1r\u00f3lag az azt megad\u00f3 szem\u00e9ly felel. B\u00e1rmely \u00e9rintett az e-mail c\u00edm\u00e9nek megad\u00e1sakor egyben felel\u0151ss\u00e9get v\u00e1llal az\u00e9rt, hogy a megadott e-mail c\u00edmr\u0151l kiz\u00e1r\u00f3lag \u0151 vesz ig\u00e9nybe szolg\u00e1ltat\u00e1st. E felel\u0151ss\u00e9gv\u00e1llal\u00e1sra tekintettel egy megadott e-mail c\u00edmen t\u00f6rt\u00e9nt bel\u00e9p\u00e9sekkel \u00f6sszef\u00fcgg\u0151 mindennem\u0171 felel\u0151ss\u00e9g kiz\u00e1r\u00f3lag azt a szem\u00e9lyt terheli, aki az e-mail c\u00edmet regisztr\u00e1lta.<\/p>\n\n\n\n<p>A honlapon kezelt adatok k\u00f6re: vezet\u00e9kn\u00e9v, keresztn\u00e9v, e-mail c\u00edm, telefonsz\u00e1m.<br>A honlapot a l\u00e1togat\u00f3k kiz\u00e1r\u00f3lag saj\u00e1t felel\u0151ss\u00e9g\u00fckre haszn\u00e1lhatj\u00e1k, az ott fellelhet\u0151 inform\u00e1ci\u00f3k nem helyettes\u00edtik orvos szak\u00e9rt\u0151 vagy szakember v\u00e9lem\u00e9ny\u00e9nek kik\u00e9r\u00e9s\u00e9t. Figyelemmel a weboldal szolg\u00e1ltat\u00e1s ingyenes, t\u00e1j\u00e9koz\u00f3d\u00e1st k\u00f6nny\u00edt\u0151 volt\u00e1ra, a Tulajdonos az \u00e9letben, testi \u00e9ps\u00e9gben \u00e9s eg\u00e9szs\u00e9gben bek\u00f6vetkez\u0151 esetleges s\u00e9r\u00fcl\u00e9sek\u00e9rt, vagy egy\u00e9b k\u00e1rosod\u00e1s\u00e9rt csak akkor felel, ha azt sz\u00e1nd\u00e9kosan, vagy s\u00falyos gondatlans\u00e1g\u00e1val okozta.<br>A jelen adatv\u00e9delmi \u00e9s felhaszn\u00e1l\u00e1si felt\u00e9telekre a magyar jog el\u0151\u00edr\u00e1sai az ir\u00e1nyad\u00f3ak. Amennyiben vita eset\u00e9n a felek b\u00e9k\u00e9sen megegyezni nem tudnak, al\u00e1vetik magukat a Tulajdonos mindenkori sz\u00e9khelye szerinti b\u00edr\u00f3s\u00e1g kiz\u00e1r\u00f3lagos illet\u00e9kess\u00e9g\u00e9nek.<\/p>\n","protected":false},"excerpt":{"rendered":"<p>ADATV\u00c9DELMI NYILATKOZAT Adatkezel\u00e9si \u00e9s adatv\u00e9delmi nyilatkozat, amely a term\u00e9szetes szem\u00e9lyeknek a szem\u00e9lyes adatok kezel\u00e9se tekintet\u00e9ben t\u00f6rt\u00e9n\u0151 v\u00e9delm\u00e9r\u0151l \u00e9s az ilyen adatok szabad \u00e1raml\u00e1s\u00e1r\u00f3l, valamint a 95\/46\/EK rendelet hat\u00e1lyon k\u00edv\u00fcl helyez\u00e9s\u00e9r\u0151l (\u00e1ltal\u00e1nos adatv\u00e9delmi rendelet) sz\u00f3l\u00f3, az EUR\u00d3PAI PARLAMENT \u00c9S A TAN\u00c1CS (EU) 2016\/679 RENDELETE (2016. \u00e1prilis 27.) (a tov\u00e1bbiakban, mint \u201eGDPR rendelet\u201d) alapj\u00e1n ker\u00fclt fel\u00fclvizsg\u00e1latra \u00e9s [&hellip;]<\/p>\n","protected":false},"author":1,"featured_media":0,"parent":0,"menu_order":0,"comment_status":"closed","ping_status":"closed","template":"","meta":{"content-type":"","om_disable_all_campaigns":false,"_monsterinsights_skip_tracking":false,"_monsterinsights_sitenote_active":false,"_monsterinsights_sitenote_note":"","_monsterinsights_sitenote_category":0,"footnotes":""},"class_list":["post-3","page","type-page","status-publish","hentry"],"aioseo_notices":[],"_links":{"self":[{"href":"https:\/\/piingatlan.hu\/index.php\/wp-json\/wp\/v2\/pages\/3","targetHints":{"allow":["GET"]}}],"collection":[{"href":"https:\/\/piingatlan.hu\/index.php\/wp-json\/wp\/v2\/pages"}],"about":[{"href":"https:\/\/piingatlan.hu\/index.php\/wp-json\/wp\/v2\/types\/page"}],"author":[{"embeddable":true,"href":"https:\/\/piingatlan.hu\/index.php\/wp-json\/wp\/v2\/users\/1"}],"replies":[{"embeddable":true,"href":"https:\/\/piingatlan.hu\/index.php\/wp-json\/wp\/v2\/comments?post=3"}],"version-history":[{"count":2,"href":"https:\/\/piingatlan.hu\/index.php\/wp-json\/wp\/v2\/pages\/3\/revisions"}],"predecessor-version":[{"id":17678,"href":"https:\/\/piingatlan.hu\/index.php\/wp-json\/wp\/v2\/pages\/3\/revisions\/17678"}],"wp:attachment":[{"href":"https:\/\/piingatlan.hu\/index.php\/wp-json\/wp\/v2\/media?parent=3"}],"curies":[{"name":"wp","href":"https:\/\/api.w.org\/{rel}","templated":true}]}}